{"id":30629,"date":"2026-04-09T01:09:37","date_gmt":"2026-04-09T01:09:37","guid":{"rendered":"http:\/\/dupo.pt\/?page_id=30629"},"modified":"2026-04-09T01:48:29","modified_gmt":"2026-04-09T01:48:29","slug":"contatos","status":"publish","type":"page","link":"https:\/\/dupo.pt\/?page_id=30629","title":{"rendered":"CONTATOS"},"content":{"rendered":"<p>[et_pb_section fb_built=&#8221;1&#8243; fullwidth=&#8221;on&#8221; disabled_on=&#8221;off|off|off&#8221; _builder_version=&#8221;4.27.4&#8243; _module_preset=&#8221;default&#8221; global_colors_info=&#8221;{}&#8221;][et_pb_fullwidth_slider show_arrows=&#8221;off&#8221; dot_nav_custom_color=&#8221;#ffb703&#8243; module_class=&#8221;fslider&#8221; _builder_version=&#8221;4.27.4&#8243; _module_preset=&#8221;default&#8221; header_level=&#8221;h1&#8243; header_font=&#8221;Poppins|700|||||||&#8221; header_text_color=&#8221;#FFFFFF&#8221; header_font_size=&#8221;72px&#8221; header_letter_spacing=&#8221;-0.75px&#8221; header_line_height=&#8221;82px&#8221; body_font=&#8221;Poppins||||||||&#8221; body_text_color=&#8221;#FFFFFF&#8221; body_font_size=&#8221;20px&#8221; body_line_height=&#8221;30px&#8221; custom_button=&#8221;on&#8221; button_text_size=&#8221;16px&#8221; button_text_color=&#8221;#010d14&#8243; button_bg_color=&#8221;#ffb703&#8243; button_border_width=&#8221;0px&#8221; button_border_color=&#8221;#FFB703&#8243; button_border_radius=&#8221;5px&#8221; button_font=&#8221;Poppins|600|||||||&#8221; button_use_icon=&#8221;off&#8221; button_custom_margin=&#8221;40px||||false|false&#8221; button_custom_margin_tablet=&#8221;30px||||false|false&#8221; button_custom_margin_phone=&#8221;20px||||false|false&#8221; button_custom_margin_last_edited=&#8221;on|tablet&#8221; button_custom_padding=&#8221;17px|36px|17px|36px|true|true&#8221; button_custom_padding_tablet=&#8221;12px|28px|12px|28px|true|true&#8221; button_custom_padding_phone=&#8221;10px|24px|10px|24px|true|true&#8221; button_custom_padding_last_edited=&#8221;on|tablet&#8221; text_orientation=&#8221;left&#8221; module_alignment=&#8221;left&#8221; content_width=&#8221;100%&#8221; content_max_width=&#8221;1170px&#8221; custom_margin=&#8221;||||false|false&#8221; custom_padding=&#8221;155px|0px|265px|0px|false|true&#8221; custom_padding_tablet=&#8221;175px||175px||true|true&#8221; custom_padding_phone=&#8221;125px||125px||true|true&#8221; custom_padding_last_edited=&#8221;on|phone&#8221; auto=&#8221;on&#8221; auto_speed=&#8221;5000&#8243; link_option_url=&#8221;https:\/\/carlosantunesfotografia.pt\/teste-vinhos\/&#8221; header_font_size_tablet=&#8221;58px&#8221; header_font_size_phone=&#8221;42px&#8221; header_font_size_last_edited=&#8221;on|tablet&#8221; header_line_height_tablet=&#8221;66px&#8221; header_line_height_phone=&#8221;48px&#8221; header_line_height_last_edited=&#8221;on|tablet&#8221; body_font_size_tablet=&#8221;18px&#8221; body_font_size_phone=&#8221;16px&#8221; body_font_size_last_edited=&#8221;on|phone&#8221; body_line_height_tablet=&#8221;28px&#8221; body_line_height_phone=&#8221;26px&#8221; body_line_height_last_edited=&#8221;on|tablet&#8221; button_text_size_tablet=&#8221;15px&#8221; button_text_size_phone=&#8221;14px&#8221; button_text_size_last_edited=&#8221;on|phone&#8221; custom_css_slide_title=&#8221;padding-bottom: 24px;&#8221; global_colors_info=&#8221;{}&#8221; button_bg_color__hover_enabled=&#8221;on|desktop&#8221; button_text_color__hover_enabled=&#8221;on|hover&#8221; button_text_color__hover=&#8221;#FFB703&#8243; button_bg_color__hover=&#8221;#010D14&#8243; button_bg_enable_color__hover=&#8221;on&#8221; button_border_color__hover_enabled=&#8221;on|desktop&#8221; button_border_color__hover=&#8221;#010D14&#8243; custom_css_slide_title_last_edited=&#8221;on|tablet&#8221; custom_css_slide_title_tablet=&#8221;padding-bottom: 20px;&#8221; custom_css_slide_title_phone=&#8221;padding-bottom: 15px;&#8221; custom_css_slide_description_last_edited=&#8221;on|phone&#8221; custom_css_slide_description_phone=&#8221;width: 100%;||margin-left: 0;&#8221;][et_pb_slide button_link=&#8221;@ET-DC@eyJkeW5hbWljIjp0cnVlLCJjb250ZW50IjoicG9zdF9saW5rX3VybF9wYWdlIiwic2V0dGluZ3MiOnsicG9zdF9pZCI6IjUxOTYifX0=@&#8221; content_last_edited=&#8221;off|desktop&#8221; _builder_version=&#8221;4.27.4&#8243; _dynamic_attributes=&#8221;button_link&#8221; _module_preset=&#8221;default&#8221; header_font_size=&#8221;47px&#8221; header_line_height=&#8221;53.2px&#8221; background_enable_color=&#8221;off&#8221; background_image=&#8221;http:\/\/dupo.pt\/wp-content\/uploads\/2026\/04\/DJI_0908-Editar-scaled-1.jpg&#8221; background_enable_image=&#8221;on&#8221; custom_css_slide_description=&#8221;width: 610px;||margin-left: 0;&#8221; global_colors_info=&#8221;{}&#8221; custom_css_slide_description_last_edited=&#8221;on|tablet&#8221; custom_css_slide_description_tablet=&#8221;width: 100%;||margin-left: 0;&#8221; custom_css_slide_description_phone=&#8221;width: 100%;||margin-left: 0;&#8221; sticky_transition=&#8221;on&#8221;][\/et_pb_slide][\/et_pb_fullwidth_slider][\/et_pb_section][et_pb_section fb_built=&#8221;1&#8243; admin_label=&#8221;Contact Us&#8221; _builder_version=&#8221;4.27.4&#8243; background_enable_color=&#8221;off&#8221; background_enable_image=&#8221;off&#8221; background_blend=&#8221;color&#8221; custom_padding=&#8221;3px|0px|100px|0px||&#8221; collapsed=&#8221;off&#8221; global_colors_info=&#8221;{}&#8221;][et_pb_row column_structure=&#8221;1_2,1_2&#8243; make_equal=&#8221;on&#8221; _builder_version=&#8221;4.27.4&#8243; background_size=&#8221;initial&#8221; background_position=&#8221;top_left&#8221; background_repeat=&#8221;repeat&#8221; max_width=&#8221;1280px&#8221; custom_margin=&#8221;|||&#8221; custom_padding=&#8221;5px||4px|||&#8221; use_custom_width=&#8221;on&#8221; custom_width_px=&#8221;1280px&#8221; global_colors_info=&#8221;{}&#8221;][et_pb_column type=&#8221;1_2&#8243; _builder_version=&#8221;4.27.4&#8243; background_enable_color=&#8221;off&#8221; custom_padding=&#8221;100px|5%|100px|5%&#8221; global_colors_info=&#8221;{}&#8221; custom_padding__hover=&#8221;|||&#8221;][et_pb_text _builder_version=&#8221;4.27.6&#8243; text_font=&#8221;Playfair Display||||&#8221; text_text_color=&#8221;#ffffff&#8221; text_font_size=&#8221;30px&#8221; text_line_height=&#8221;1.3em&#8221; header_5_font=&#8221;Alata|||on|||||&#8221; header_5_text_color=&#8221;#707070&#8243; header_5_font_size=&#8221;18px&#8221; header_5_letter_spacing=&#8221;3px&#8221; background_size=&#8221;initial&#8221; background_position=&#8221;top_left&#8221; background_repeat=&#8221;repeat&#8221; text_orientation=&#8221;center&#8221; max_width=&#8221;400px&#8221; module_alignment=&#8221;center&#8221; custom_margin=&#8221;||-2px|||&#8221; custom_padding=&#8221;||5px|||&#8221; hover_enabled=&#8221;0&#8243; global_colors_info=&#8221;{}&#8221; sticky_enabled=&#8221;0&#8243;]<\/p>\n<h5>VISITAS<\/h5>\n<p>[\/et_pb_text][et_pb_text _builder_version=&#8221;4.27.6&#8243; text_font=&#8221;Montserrat||||&#8221; text_text_color=&#8221;#707070&#8243; text_font_size=&#8221;15px&#8221; text_letter_spacing=&#8221;1px&#8221; text_line_height=&#8221;1.9em&#8221; background_size=&#8221;initial&#8221; background_position=&#8221;top_left&#8221; background_repeat=&#8221;repeat&#8221; text_orientation=&#8221;center&#8221; module_alignment=&#8221;center&#8221; custom_margin=&#8221;12px||12px|&#8221; animation_style=&#8221;zoom&#8221; animation_intensity_zoom=&#8221;20%&#8221; hover_enabled=&#8221;0&#8243; global_colors_info=&#8221;{}&#8221; sticky_enabled=&#8221;0&#8243;]<\/p>\n<p><strong>Com marca\u00e7\u00e3o pr\u00e9via<br \/><\/strong><span style=\"font-size: 15px;\">M\u00ednimo 4 pessoas<\/span><\/p>\n<p>[\/et_pb_text][et_pb_text _builder_version=&#8221;4.27.4&#8243; text_font=&#8221;Montserrat||||&#8221; text_text_color=&#8221;#707070&#8243; text_font_size=&#8221;17px&#8221; text_line_height=&#8221;1.8em&#8221; header_font_size=&#8221;24px&#8221; text_orientation=&#8221;center&#8221; background_layout=&#8221;dark&#8221; hover_enabled=&#8221;0&#8243; global_colors_info=&#8221;{}&#8221; sticky_enabled=&#8221;0&#8243;]<\/p>\n<p>Qualquer quest\u00e3o, estamos ao seu dispor!<\/p>\n<p>[\/et_pb_text][\/et_pb_column][et_pb_column type=&#8221;1_2&#8243; _builder_version=&#8221;4.27.4&#8243; background_enable_color=&#8221;off&#8221; custom_padding=&#8221;100px|5%|100px|5%&#8221; global_colors_info=&#8221;{}&#8221; custom_padding__hover=&#8221;|||&#8221;][et_pb_text _builder_version=&#8221;4.27.4&#8243; text_font=&#8221;Playfair Display||||&#8221; text_text_color=&#8221;#ffffff&#8221; text_font_size=&#8221;30px&#8221; text_line_height=&#8221;1.3em&#8221; header_5_font=&#8221;Alata|||on|||||&#8221; header_5_text_color=&#8221;#707070&#8243; header_5_font_size=&#8221;18px&#8221; header_5_letter_spacing=&#8221;3px&#8221; background_size=&#8221;initial&#8221; background_position=&#8221;top_left&#8221; background_repeat=&#8221;repeat&#8221; text_orientation=&#8221;center&#8221; max_width=&#8221;400px&#8221; module_alignment=&#8221;center&#8221; custom_margin=&#8221;||-2px|||&#8221; custom_padding=&#8221;||5px|||&#8221; global_colors_info=&#8221;{}&#8221;]<\/p>\n<h5>Fale connosco!<\/h5>\n<p>[\/et_pb_text][et_pb_text _builder_version=&#8221;4.27.4&#8243; text_font=&#8221;Montserrat||||&#8221; text_text_color=&#8221;#707070&#8243; text_font_size=&#8221;17px&#8221; text_line_height=&#8221;1.8em&#8221; header_font_size=&#8221;24px&#8221; text_orientation=&#8221;center&#8221; background_layout=&#8221;dark&#8221; custom_margin=&#8221;14px|||||&#8221; global_colors_info=&#8221;{}&#8221;]<\/p>\n<p>Sociedade Agr\u00edcola Rotas Dup\u00f3, Lda<br \/>CASA DUP\u00d3,<br \/>2965-565 Fernando P\u00f3.<br \/>Telefone:<span>\u00a0<\/span><a href=\"tel:+351919713005\">+351 919 713 005<\/a><\/p>\n<p>[\/et_pb_text][et_pb_text _builder_version=&#8221;4.27.6&#8243; text_font=&#8221;Montserrat||||&#8221; text_text_color=&#8221;#707070&#8243; text_font_size=&#8221;17px&#8221; text_line_height=&#8221;1.8em&#8221; header_font_size=&#8221;24px&#8221; text_orientation=&#8221;center&#8221; background_layout=&#8221;dark&#8221; hover_enabled=&#8221;0&#8243; global_colors_info=&#8221;{}&#8221; sticky_enabled=&#8221;0&#8243;]<\/p>\n<p>E-mail: <a href=\"mailto:geral@dupo.pt\">geral@dupo.pt<\/a><\/p>\n<p>[\/et_pb_text][et_pb_social_media_follow _builder_version=&#8221;4.27.4&#8243; _module_preset=&#8221;default&#8221; text_orientation=&#8221;center&#8221; global_colors_info=&#8221;{}&#8221;][et_pb_social_media_follow_network social_network=&#8221;facebook&#8221; url=&#8221;https:\/\/www.facebook.com\/adegacasadupo&#8221; _builder_version=&#8221;4.27.4&#8243; _module_preset=&#8221;default&#8221; background_color=&#8221;#3b5998&#8243; global_colors_info=&#8221;{}&#8221; follow_button=&#8221;off&#8221; url_new_window=&#8221;on&#8221;]facebook[\/et_pb_social_media_follow_network][et_pb_social_media_follow_network social_network=&#8221;instagram&#8221; url=&#8221;https:\/\/www.instagram.com\/casa_dupo?utm_source=ig_web_button_share_sheet&#038;igsh=ZDNlZDc0MzIxNw==&#8221; _builder_version=&#8221;4.27.4&#8243; _module_preset=&#8221;default&#8221; background_color=&#8221;#ea2c59&#8243; global_colors_info=&#8221;{}&#8221; follow_button=&#8221;off&#8221; url_new_window=&#8221;on&#8221;]instagram[\/et_pb_social_media_follow_network][et_pb_social_media_follow_network social_network=&#8221;youtube&#8221; _builder_version=&#8221;4.27.4&#8243; _module_preset=&#8221;default&#8221; background_color=&#8221;#a82400&#8243; global_colors_info=&#8221;{}&#8221; follow_button=&#8221;off&#8221; url_new_window=&#8221;on&#8221;]youtube[\/et_pb_social_media_follow_network][\/et_pb_social_media_follow][\/et_pb_column][\/et_pb_row][\/et_pb_section]<\/p>\n","protected":false},"excerpt":{"rendered":"<p>VISITASCom marca\u00e7\u00e3o pr\u00e9viaM\u00ednimo 4 pessoasQualquer quest\u00e3o, estamos ao seu dispor!Fale connosco!Sociedade Agr\u00edcola Rotas Dup\u00f3, LdaCASA DUP\u00d3,2965-565 Fernando P\u00f3.Telefone:\u00a0+351 919 713 005E-mail: geral@dupo.pt<\/p>\n","protected":false},"author":1,"featured_media":0,"parent":0,"menu_order":0,"comment_status":"closed","ping_status":"closed","template":"","meta":{"_et_pb_use_builder":"on","_et_pb_old_content":"","_et_gb_content_width":"","footnotes":""},"class_list":["post-30629","page","type-page","status-publish","hentry"],"_links":{"self":[{"href":"https:\/\/dupo.pt\/index.php?rest_route=\/wp\/v2\/pages\/30629","targetHints":{"allow":["GET"]}}],"collection":[{"href":"https:\/\/dupo.pt\/index.php?rest_route=\/wp\/v2\/pages"}],"about":[{"href":"https:\/\/dupo.pt\/index.php?rest_route=\/wp\/v2\/types\/page"}],"author":[{"embeddable":true,"href":"https:\/\/dupo.pt\/index.php?rest_route=\/wp\/v2\/users\/1"}],"replies":[{"embeddable":true,"href":"https:\/\/dupo.pt\/index.php?rest_route=%2Fwp%2Fv2%2Fcomments&post=30629"}],"version-history":[{"count":4,"href":"https:\/\/dupo.pt\/index.php?rest_route=\/wp\/v2\/pages\/30629\/revisions"}],"predecessor-version":[{"id":30666,"href":"https:\/\/dupo.pt\/index.php?rest_route=\/wp\/v2\/pages\/30629\/revisions\/30666"}],"wp:attachment":[{"href":"https:\/\/dupo.pt\/index.php?rest_route=%2Fwp%2Fv2%2Fmedia&parent=30629"}],"curies":[{"name":"wp","href":"https:\/\/api.w.org\/{rel}","templated":true}]}}